{"id":104,"date":"2025-03-31T10:37:09","date_gmt":"2025-03-31T15:37:09","guid":{"rendered":"https:\/\/idehpucp.pucp.edu.pe\/revista-memoria\/?page_id=104"},"modified":"2025-06-12T13:16:51","modified_gmt":"2025-06-12T18:16:51","slug":"comite-editorial","status":"publish","type":"page","link":"https:\/\/idehpucp.pucp.edu.pe\/revista-memoria\/comite-editorial\/","title":{"rendered":"Comit\u00e9 editorial"},"content":{"rendered":"\n<div class=\"wp-block-uagb-container uagb-block-f8d09696 alignfull uagb-is-root-container\"><div class=\"uagb-container-inner-blocks-wrap\">\n<div class=\"wp-block-uagb-container uagb-block-08a11342\">\n<div class=\"wp-block-uagb-container uagb-block-415aa4ae\">\n<div class=\"wp-block-uagb-container uagb-block-a2ec19e5\">\n<div class=\"wp-block-uagb-image uagb-block-7ac7f967 wp-block-uagb-image--layout-default wp-block-uagb-image--effect-static wp-block-uagb-image--align-none\"><figure class=\"wp-block-uagb-image__figure\"><a class=\"\" href=\"https:\/\/idehpucp.pucp.edu.pe\/revista-memoria\/inicio\/\" target=\"\" rel=\"noopener\"><img decoding=\"async\" srcset=\"https:\/\/idehpucp.pucp.edu.pe\/revista-memoria\/wp-content\/uploads\/2025\/03\/home.svg ,https:\/\/idehpucp.pucp.edu.pe\/revista-memoria\/wp-content\/uploads\/2025\/03\/home.svg 780w, https:\/\/idehpucp.pucp.edu.pe\/revista-memoria\/wp-content\/uploads\/2025\/03\/home.svg 360w\" sizes=\"auto, (max-width: 480px) 150px\" src=\"https:\/\/idehpucp.pucp.edu.pe\/revista-memoria\/wp-content\/uploads\/2025\/03\/home.svg\" alt=\"\" class=\"uag-image-167\" width=\"24\" height=\"24\" title=\"home\" loading=\"lazy\" role=\"img\"\/><\/a><\/figure><\/div>\n\n\n      \n\t\t\t<div class=\"uagb-icon-wrapper uagb-block-9ade50c0      \"\n\t\t\tstyle=\"\" >\n\t\t\t\t\t\t\t\t\t<span class=\"uagb-svg-wrapper\" \n\t\t\t\t\t aria-label=\"chevron-right\"\t\t\t\t\ttabindex=\"0\">\t\t\n\t\t\t\t\t\t\t\t\t\t<svg xmlns=\"https:\/\/www.w3.org\/2000\/svg\" viewBox= \"0 0 320 512\" role=\"graphics-symbol\" aria-hidden=\"false\" aria-label=\"\"><path d=\"M96 480c-8.188 0-16.38-3.125-22.62-9.375c-12.5-12.5-12.5-32.75 0-45.25L242.8 256L73.38 86.63c-12.5-12.5-12.5-32.75 0-45.25s32.75-12.5 45.25 0l192 192c12.5 12.5 12.5 32.75 0 45.25l-192 192C112.4 476.9 104.2 480 96 480z\"><\/path><\/svg>\n\t\t\t\t\t\t\t\t\t<\/span>\n\t\t\t\t\t\t\t<\/div>\n\t\t\t\n\n\n<div class=\"wp-block-uagb-advanced-heading uagb-block-9f48a752\"><p class=\"uagb-heading-text\"><span data-spectra-dc-field=\"current_post|post_title\" class=\"uag-pro-dynamic-content\">Presentaci\u00f3n<\/span><\/p><\/div>\n<\/div>\n\n\n\n<div class=\"wp-block-uagb-container uagb-layout-flex uagb-block-5f5f827e\">\n<div class=\"wp-block-uagb-advanced-heading uagb-block-2cd7a6a3\"><h1 class=\"uagb-heading-text\">Comit\u00e9 editorial<\/h1><\/div>\n\n\n\n<div class=\"wp-block-uagb-advanced-heading uagb-block-8c3ec5ff\"><p class=\"uagb-heading-text\">Conoce al equipo de expertos y profesionales comprometidos con la l\u00ednea editorial, la calidad del contenido y la difusi\u00f3n de la cultura, la democracia y los derechos humanos en Memoria.<\/p><\/div>\n<\/div>\n<\/div>\n<\/div>\n<\/div><\/div>\n\n\n\n<div class=\"wp-block-uagb-container uagb-block-f746b05e alignfull uagb-is-root-container\"><div class=\"uagb-container-inner-blocks-wrap\">\n<div class=\"wp-block-uagb-container uagb-block-88776031\">\n<div class=\"wp-block-uagb-container uagb-block-71c3997b\">\n<div class=\"wp-block-uagb-image uagb-block-410d17ba wp-block-uagb-image--layout-default wp-block-uagb-image--effect-static wp-block-uagb-image--align-none\"><figure class=\"wp-block-uagb-image__figure\"><img decoding=\"async\" srcset=\"https:\/\/idehpucp.pucp.edu.pe\/revista-memoria\/wp-content\/uploads\/2025\/04\/image-quienes-somos.webp ,https:\/\/idehpucp.pucp.edu.pe\/revista-memoria\/wp-content\/uploads\/2025\/04\/image-quienes-somos.webp 780w, https:\/\/idehpucp.pucp.edu.pe\/revista-memoria\/wp-content\/uploads\/2025\/04\/image-quienes-somos.webp 360w\" sizes=\"auto, (max-width: 480px) 150px\" src=\"https:\/\/idehpucp.pucp.edu.pe\/revista-memoria\/wp-content\/uploads\/2025\/04\/image-quienes-somos.webp\" alt=\"\" class=\"uag-image-319\" width=\"1000\" height=\"673\" title=\"image quienes somos\" loading=\"lazy\" role=\"img\"\/><\/figure><\/div>\n<\/div>\n\n\n\n<div class=\"wp-block-uagb-container uagb-block-d90db554\">\n<div class=\"wp-block-uagb-advanced-heading uagb-block-2c11c2ea\"><h2 class=\"uagb-heading-text\">\u00bfQui\u00e9nes Somos?<\/h2><div class=\"uagb-separator\"><\/div><\/div>\n\n\n\n<div class=\"wp-block-uagb-advanced-heading uagb-block-7fcad357\"><p class=\"uagb-heading-text\">El Comit\u00e9 Editorial de Memoria est\u00e1 integrado por profesionales de diversas \u00e1reas que, con una s\u00f3lida trayectoria en cultura, democracia y derechos humanos, definen la estrategia y supervisan la calidad de los contenidos de la revista. Su labor garantiza que cada publicaci\u00f3n contribuya a enriquecer el debate p\u00fablico y a impulsar la reflexi\u00f3n cr\u00edtica en nuestro pa\u00eds.<\/p><\/div>\n<\/div>\n<\/div>\n<\/div><\/div>\n\n\n\n<div class=\"wp-block-uagb-container uagb-block-edf1380a alignfull uagb-is-root-container\"><div class=\"uagb-container-inner-blocks-wrap\">\n<div class=\"wp-block-uagb-container uagb-block-a8bfbacf\">\n<div class=\"wp-block-uagb-container uagb-block-dd972fde\">\n<div class=\"wp-block-uagb-advanced-heading uagb-block-b60fd218\"><h2 class=\"uagb-heading-text\">Nuestros miembros<\/h2><div class=\"uagb-separator\"><\/div><\/div>\n\n\n\n<div class=\"wp-block-uagb-advanced-heading uagb-block-9e306cb0\"><p class=\"uagb-heading-text\">Conoce a los integrantes del Comit\u00e9 Editorial, quienes aportan su experiencia y visi\u00f3n para construir un espacio de debate y an\u00e1lisis de alto nivel.<\/p><\/div>\n<\/div>\n\n\n<div class=\"wp-block-uagb-loop-builder uagb-block-6a6bb2fb      alignwide\" data-block_id=\"6a6bb2fb\"  style=\"\">\n<div class=\"wp-block-uagb-container uagb-block-2d9f9101\"><div id=\"uagb-block-queryid-0\" class=\"uagb-loop-container uagb-block-ed202ff4     \" style=\"\"><div class=\"uagb-loop-post\"><div class=\"uagb-loop-post-inner\">\n\n<div class=\"wp-block-uagb-container uagb-layout-flex uagb-block-c0dfa956\">\n<div class=\"wp-block-uagb-image uagb-block-f81c5359 wp-block-uagb-image--layout-default wp-block-uagb-image--effect-static wp-block-uagb-image--align-none\"><figure class=\"wp-block-uagb-image__figure\"><img decoding=\"async\"  sizes=\"auto, (max-width: 480px) 150px\" src=\"https:\/\/idehpucp.pucp.edu.pe\/revista-memoria\/wp-content\/plugins\/spectra-pro\/assets\/images\/placeholder.png\" alt=\"\" width=\"1200\" height=\"380\" title=\"\" loading=\"lazy\" role=\"img\"\/><\/figure><\/div>\n\n\n\n<div class=\"wp-block-uagb-advanced-heading uagb-block-70e2549f\"><h5 class=\"uagb-heading-text\"><span data-spectra-dc-field=\"current_post|post_title\" class=\"uag-pro-dynamic-content\">Comit\u00e9 editorial<\/span><\/h5><\/div>\n\n\n\n<div class=\"wp-block-uagb-advanced-heading uagb-block-b98d642e btn-leer-mas\"><p class=\"uagb-heading-text\"><span data-spectra-dc-field=\"current_post|post_excerpt\" data-spectra-dc-advanced=\"|||200\" class=\"uag-pro-dynamic-content\">Presentaci\u00f3n Comit\u00e9 editorial Conoce al equipo de expertos y profesionales comprometidos con la l\u00ednea editorial, la calidad del contenido y la difusi\u00f3n de la cultura, la democracia y los derechos humanos en Memoria. \u00bfQui\u00e9nes Somos? Memoria, es la revista sobre cultura, democracia y derechos humanos del Instituto de Democracia y Derechos Humanos de la Pontificia [&amp;hellip;]<\/span><\/p><\/div>\n<\/div>\n\n<\/div><\/div><div class=\"uagb-loop-post\"><div class=\"uagb-loop-post-inner\">\n\n<div class=\"wp-block-uagb-container uagb-layout-flex uagb-block-c0dfa956\">\n<div class=\"wp-block-uagb-image uagb-block-f81c5359 wp-block-uagb-image--layout-default wp-block-uagb-image--effect-static wp-block-uagb-image--align-none\"><figure class=\"wp-block-uagb-image__figure\"><img decoding=\"async\"  sizes=\"auto, (max-width: 480px) 150px\" src=\"https:\/\/idehpucp.pucp.edu.pe\/revista-memoria\/wp-content\/plugins\/spectra-pro\/assets\/images\/placeholder.png\" alt=\"\" width=\"1200\" height=\"380\" title=\"\" loading=\"lazy\" role=\"img\"\/><\/figure><\/div>\n\n\n\n<div class=\"wp-block-uagb-advanced-heading uagb-block-70e2549f\"><h5 class=\"uagb-heading-text\"><span data-spectra-dc-field=\"current_post|post_title\" class=\"uag-pro-dynamic-content\">Comit\u00e9 editorial<\/span><\/h5><\/div>\n\n\n\n<div class=\"wp-block-uagb-advanced-heading uagb-block-b98d642e btn-leer-mas\"><p class=\"uagb-heading-text\"><span data-spectra-dc-field=\"current_post|post_excerpt\" data-spectra-dc-advanced=\"|||200\" class=\"uag-pro-dynamic-content\">Presentaci\u00f3n Comit\u00e9 editorial Conoce al equipo de expertos y profesionales comprometidos con la l\u00ednea editorial, la calidad del contenido y la difusi\u00f3n de la cultura, la democracia y los derechos humanos en Memoria. \u00bfQui\u00e9nes Somos? Memoria, es la revista sobre cultura, democracia y derechos humanos del Instituto de Democracia y Derechos Humanos de la Pontificia [&amp;hellip;]<\/span><\/p><\/div>\n<\/div>\n\n<\/div><\/div><div class=\"uagb-loop-post\"><div class=\"uagb-loop-post-inner\">\n\n<div class=\"wp-block-uagb-container uagb-layout-flex uagb-block-c0dfa956\">\n<div class=\"wp-block-uagb-image uagb-block-f81c5359 wp-block-uagb-image--layout-default wp-block-uagb-image--effect-static wp-block-uagb-image--align-none\"><figure class=\"wp-block-uagb-image__figure\"><img decoding=\"async\"  sizes=\"auto, (max-width: 480px) 150px\" src=\"https:\/\/idehpucp.pucp.edu.pe\/revista-memoria\/wp-content\/plugins\/spectra-pro\/assets\/images\/placeholder.png\" alt=\"\" width=\"1200\" height=\"380\" title=\"\" loading=\"lazy\" role=\"img\"\/><\/figure><\/div>\n\n\n\n<div class=\"wp-block-uagb-advanced-heading uagb-block-70e2549f\"><h5 class=\"uagb-heading-text\"><span data-spectra-dc-field=\"current_post|post_title\" class=\"uag-pro-dynamic-content\">Comit\u00e9 editorial<\/span><\/h5><\/div>\n\n\n\n<div class=\"wp-block-uagb-advanced-heading uagb-block-b98d642e btn-leer-mas\"><p class=\"uagb-heading-text\"><span data-spectra-dc-field=\"current_post|post_excerpt\" data-spectra-dc-advanced=\"|||200\" class=\"uag-pro-dynamic-content\">Presentaci\u00f3n Comit\u00e9 editorial Conoce al equipo de expertos y profesionales comprometidos con la l\u00ednea editorial, la calidad del contenido y la difusi\u00f3n de la cultura, la democracia y los derechos humanos en Memoria. \u00bfQui\u00e9nes Somos? Memoria, es la revista sobre cultura, democracia y derechos humanos del Instituto de Democracia y Derechos Humanos de la Pontificia [&amp;hellip;]<\/span><\/p><\/div>\n<\/div>\n\n<\/div><\/div><div class=\"uagb-loop-post\"><div class=\"uagb-loop-post-inner\">\n\n<div class=\"wp-block-uagb-container uagb-layout-flex uagb-block-c0dfa956\">\n<div class=\"wp-block-uagb-image uagb-block-f81c5359 wp-block-uagb-image--layout-default wp-block-uagb-image--effect-static wp-block-uagb-image--align-none\"><figure class=\"wp-block-uagb-image__figure\"><img decoding=\"async\"  sizes=\"auto, (max-width: 480px) 150px\" src=\"https:\/\/idehpucp.pucp.edu.pe\/revista-memoria\/wp-content\/plugins\/spectra-pro\/assets\/images\/placeholder.png\" alt=\"\" width=\"1200\" height=\"380\" title=\"\" loading=\"lazy\" role=\"img\"\/><\/figure><\/div>\n\n\n\n<div class=\"wp-block-uagb-advanced-heading uagb-block-70e2549f\"><h5 class=\"uagb-heading-text\"><span data-spectra-dc-field=\"current_post|post_title\" class=\"uag-pro-dynamic-content\">Comit\u00e9 editorial<\/span><\/h5><\/div>\n\n\n\n<div class=\"wp-block-uagb-advanced-heading uagb-block-b98d642e btn-leer-mas\"><p class=\"uagb-heading-text\"><span data-spectra-dc-field=\"current_post|post_excerpt\" data-spectra-dc-advanced=\"|||200\" class=\"uag-pro-dynamic-content\">Presentaci\u00f3n Comit\u00e9 editorial Conoce al equipo de expertos y profesionales comprometidos con la l\u00ednea editorial, la calidad del contenido y la difusi\u00f3n de la cultura, la democracia y los derechos humanos en Memoria. \u00bfQui\u00e9nes Somos? Memoria, es la revista sobre cultura, democracia y derechos humanos del Instituto de Democracia y Derechos Humanos de la Pontificia [&amp;hellip;]<\/span><\/p><\/div>\n<\/div>\n\n<\/div><\/div><div class=\"uagb-loop-post\"><div class=\"uagb-loop-post-inner\">\n\n<div class=\"wp-block-uagb-container uagb-layout-flex uagb-block-c0dfa956\">\n<div class=\"wp-block-uagb-image uagb-block-f81c5359 wp-block-uagb-image--layout-default wp-block-uagb-image--effect-static wp-block-uagb-image--align-none\"><figure class=\"wp-block-uagb-image__figure\"><img decoding=\"async\"  sizes=\"auto, (max-width: 480px) 150px\" src=\"https:\/\/idehpucp.pucp.edu.pe\/revista-memoria\/wp-content\/plugins\/spectra-pro\/assets\/images\/placeholder.png\" alt=\"\" width=\"1200\" height=\"380\" title=\"\" loading=\"lazy\" role=\"img\"\/><\/figure><\/div>\n\n\n\n<div class=\"wp-block-uagb-advanced-heading uagb-block-70e2549f\"><h5 class=\"uagb-heading-text\"><span data-spectra-dc-field=\"current_post|post_title\" class=\"uag-pro-dynamic-content\">Comit\u00e9 editorial<\/span><\/h5><\/div>\n\n\n\n<div class=\"wp-block-uagb-advanced-heading uagb-block-b98d642e btn-leer-mas\"><p class=\"uagb-heading-text\"><span data-spectra-dc-field=\"current_post|post_excerpt\" data-spectra-dc-advanced=\"|||200\" class=\"uag-pro-dynamic-content\">Presentaci\u00f3n Comit\u00e9 editorial Conoce al equipo de expertos y profesionales comprometidos con la l\u00ednea editorial, la calidad del contenido y la difusi\u00f3n de la cultura, la democracia y los derechos humanos en Memoria. \u00bfQui\u00e9nes Somos? Memoria, es la revista sobre cultura, democracia y derechos humanos del Instituto de Democracia y Derechos Humanos de la Pontificia [&amp;hellip;]<\/span><\/p><\/div>\n<\/div>\n\n<\/div><\/div><div class=\"uagb-loop-post\"><div class=\"uagb-loop-post-inner\">\n\n<div class=\"wp-block-uagb-container uagb-layout-flex uagb-block-c0dfa956\">\n<div class=\"wp-block-uagb-image uagb-block-f81c5359 wp-block-uagb-image--layout-default wp-block-uagb-image--effect-static wp-block-uagb-image--align-none\"><figure class=\"wp-block-uagb-image__figure\"><img decoding=\"async\"  sizes=\"auto, (max-width: 480px) 150px\" src=\"https:\/\/idehpucp.pucp.edu.pe\/revista-memoria\/wp-content\/plugins\/spectra-pro\/assets\/images\/placeholder.png\" alt=\"\" width=\"1200\" height=\"380\" title=\"\" loading=\"lazy\" role=\"img\"\/><\/figure><\/div>\n\n\n\n<div class=\"wp-block-uagb-advanced-heading uagb-block-70e2549f\"><h5 class=\"uagb-heading-text\"><span data-spectra-dc-field=\"current_post|post_title\" class=\"uag-pro-dynamic-content\">Comit\u00e9 editorial<\/span><\/h5><\/div>\n\n\n\n<div class=\"wp-block-uagb-advanced-heading uagb-block-b98d642e btn-leer-mas\"><p class=\"uagb-heading-text\"><span data-spectra-dc-field=\"current_post|post_excerpt\" data-spectra-dc-advanced=\"|||200\" class=\"uag-pro-dynamic-content\">Presentaci\u00f3n Comit\u00e9 editorial Conoce al equipo de expertos y profesionales comprometidos con la l\u00ednea editorial, la calidad del contenido y la difusi\u00f3n de la cultura, la democracia y los derechos humanos en Memoria. \u00bfQui\u00e9nes Somos? Memoria, es la revista sobre cultura, democracia y derechos humanos del Instituto de Democracia y Derechos Humanos de la Pontificia [&amp;hellip;]<\/span><\/p><\/div>\n<\/div>\n\n<\/div><\/div><div class=\"uagb-loop-post\"><div class=\"uagb-loop-post-inner\">\n\n<div class=\"wp-block-uagb-container uagb-layout-flex uagb-block-c0dfa956\">\n<div class=\"wp-block-uagb-image uagb-block-f81c5359 wp-block-uagb-image--layout-default wp-block-uagb-image--effect-static wp-block-uagb-image--align-none\"><figure class=\"wp-block-uagb-image__figure\"><img decoding=\"async\"  sizes=\"auto, (max-width: 480px) 150px\" src=\"https:\/\/idehpucp.pucp.edu.pe\/revista-memoria\/wp-content\/plugins\/spectra-pro\/assets\/images\/placeholder.png\" alt=\"\" width=\"1200\" height=\"380\" title=\"\" loading=\"lazy\" role=\"img\"\/><\/figure><\/div>\n\n\n\n<div class=\"wp-block-uagb-advanced-heading uagb-block-70e2549f\"><h5 class=\"uagb-heading-text\"><span data-spectra-dc-field=\"current_post|post_title\" class=\"uag-pro-dynamic-content\">Comit\u00e9 editorial<\/span><\/h5><\/div>\n\n\n\n<div class=\"wp-block-uagb-advanced-heading uagb-block-b98d642e btn-leer-mas\"><p class=\"uagb-heading-text\"><span data-spectra-dc-field=\"current_post|post_excerpt\" data-spectra-dc-advanced=\"|||200\" class=\"uag-pro-dynamic-content\">Presentaci\u00f3n Comit\u00e9 editorial Conoce al equipo de expertos y profesionales comprometidos con la l\u00ednea editorial, la calidad del contenido y la difusi\u00f3n de la cultura, la democracia y los derechos humanos en Memoria. \u00bfQui\u00e9nes Somos? Memoria, es la revista sobre cultura, democracia y derechos humanos del Instituto de Democracia y Derechos Humanos de la Pontificia [&amp;hellip;]<\/span><\/p><\/div>\n<\/div>\n\n<\/div><\/div><\/div><\/div>\n<\/div><\/div>\n<\/div><\/div>\n","protected":false},"excerpt":{"rendered":"<p>Presentaci\u00f3n Comit\u00e9 editorial Conoce al equipo de expertos y profesionales comprometidos con la l\u00ednea editorial, la calidad del contenido y la difusi\u00f3n de la cultura, la democracia y los derechos humanos en Memoria. \u00bfQui\u00e9nes Somos? El Comit\u00e9 Editorial de Memoria est\u00e1 integrado por profesionales de diversas \u00e1reas que, con una s\u00f3lida trayectoria en cultura, democracia [&hellip;]<\/p>\n","protected":false},"author":6,"featured_media":0,"parent":0,"menu_order":0,"comment_status":"closed","ping_status":"closed","template":"","meta":{"_acf_changed":false,"_uag_custom_page_level_css":"","_swt_meta_header_display":false,"_swt_meta_footer_display":false,"_swt_meta_site_title_display":true,"_swt_meta_sticky_header":false,"_swt_meta_transparent_header":false,"footnotes":""},"class_list":["post-104","page","type-page","status-publish","hentry"],"acf":[],"spectra_custom_meta":{"_edit_lock":["1749752215:9"],"_uag_custom_page_level_css":[""],"_swt_meta_header_display":[""],"_swt_meta_footer_display":[""],"_swt_meta_site_title_display":["1"],"_swt_meta_sticky_header":[""],"_swt_meta_transparent_header":[""],"footnotes":[""],"rank_math_og_content_image":["a:2:{s:5:\"check\";s:32:\"7957eefc91cab5260f49e5600c74d4b2\";s:6:\"images\";a:2:{i:0;i:167;i:1;i:319;}}"],"rank_math_seo_score":["17"],"rank_math_internal_links_processed":["1"],"_edit_last":["9"],"_uag_css_file_name":["uag-css-104.css"],"_uag_js_file_name":["uag-js-104.js"]},"uagb_featured_image_src":{"full":false,"thumbnail":false,"medium":false,"medium_large":false,"large":false,"1536x1536":false,"2048x2048":false},"uagb_author_info":{"display_name":"Direcci\u00f3n de Comunicaci\u00f3n Institucional","author_link":"https:\/\/idehpucp.pucp.edu.pe\/revista-memoria\/author\/urvmemoria\/"},"uagb_comment_info":0,"uagb_excerpt":"Presentaci\u00f3n Comit\u00e9 editorial Conoce al equipo de expertos y profesionales comprometidos con la l\u00ednea editorial, la calidad del contenido y la difusi\u00f3n de la cultura, la democracia y los derechos humanos en Memoria. \u00bfQui\u00e9nes Somos? El Comit\u00e9 Editorial de Memoria est\u00e1 integrado por profesionales de diversas \u00e1reas que, con una s\u00f3lida trayectoria en cultura, democracia&hellip;","_links":{"self":[{"href":"https:\/\/idehpucp.pucp.edu.pe\/revista-memoria\/wp-json\/wp\/v2\/pages\/104","targetHints":{"allow":["GET"]}}],"collection":[{"href":"https:\/\/idehpucp.pucp.edu.pe\/revista-memoria\/wp-json\/wp\/v2\/pages"}],"about":[{"href":"https:\/\/idehpucp.pucp.edu.pe\/revista-memoria\/wp-json\/wp\/v2\/types\/page"}],"author":[{"embeddable":true,"href":"https:\/\/idehpucp.pucp.edu.pe\/revista-memoria\/wp-json\/wp\/v2\/users\/6"}],"replies":[{"embeddable":true,"href":"https:\/\/idehpucp.pucp.edu.pe\/revista-memoria\/wp-json\/wp\/v2\/comments?post=104"}],"version-history":[{"count":46,"href":"https:\/\/idehpucp.pucp.edu.pe\/revista-memoria\/wp-json\/wp\/v2\/pages\/104\/revisions"}],"predecessor-version":[{"id":4777,"href":"https:\/\/idehpucp.pucp.edu.pe\/revista-memoria\/wp-json\/wp\/v2\/pages\/104\/revisions\/4777"}],"wp:attachment":[{"href":"https:\/\/idehpucp.pucp.edu.pe\/revista-memoria\/wp-json\/wp\/v2\/media?parent=104"}],"curies":[{"name":"wp","href":"https:\/\/api.w.org\/{rel}","templated":true}]}}